{"id":759,"date":"2019-04-15T06:26:47","date_gmt":"2019-04-15T06:26:47","guid":{"rendered":"http:\/\/www.insigniawpthemes.co.in\/emerson\/?page_id=759"},"modified":"2025-10-17T15:19:57","modified_gmt":"2025-10-17T13:19:57","slug":"kontakt","status":"publish","type":"page","link":"https:\/\/cemsys.eu\/de\/kontakt\/","title":{"rendered":"Kontakt"},"content":{"rendered":"<div class=\"wpb-content-wrapper\"><p>[vc_row full_width=&#8221;stretch_row&#8221; el_class=&#8221;z-index-1 position-relative&#8221;][vc_column enable_shadow=&#8221;true&#8221; css=&#8221;.vc_custom_1649864129379{padding-top: 20px !important;padding-right: 20px !important;padding-bottom: 20px !important;padding-left: 20px !important;background-color: #ffffff !important;background-position: center !important;background-repeat: no-repeat !important;background-size: cover !important;}&#8221;][vc_row_inner][vc_column_inner][vc_column_text]<iframe loading=\"lazy\" style=\"border: 0;\" src=\"https:\/\/www.google.com\/maps\/embed?pb=!1m18!1m12!1m3!1d2662.5179328561844!2d11.51151297645588!3d48.13881925107453!2m3!1f0!2f0!3f0!3m2!1i1024!2i768!4f13.1!3m3!1m2!1s0x479dd89db10bc28b%3A0x5ade121be8f737b6!2sCEM%20Computer%20%26%20Desident!5e0!3m2!1sde!2sde!4v1704640184530!5m2!1sde!2sde\" width=\"100%\" height=\"400\" allowfullscreen=\"allowfullscreen\"><\/iframe>[\/vc_column_text][\/vc_column_inner][\/vc_row_inner][\/vc_column][\/vc_row][vc_row gap=&#8221;30&#8243;][vc_column width=&#8221;1\/3&#8243; css=&#8221;.vc_custom_1556183140129{border-top-width: 1px !important;border-right-width: 1px !important;border-bottom-width: 1px !important;border-left-width: 1px !important;padding-top: 50px !important;padding-bottom: 30px !important;background-color: #f7f9fb !important;border-left-color: #e5e7f2 !important;border-left-style: solid !important;border-right-color: #e5e7f2 !important;border-right-style: solid !important;border-top-color: #e5e7f2 !important;border-top-style: solid !important;border-bottom-color: #e5e7f2 !important;border-bottom-style: solid !important;}&#8221; offset=&#8221;vc_col-lg-4 vc_col-md-4&#8243;]<div id='ins-icon-69f2de1c292ec' class='ins-icon-wrapper last-paragraph-no-margin margin-20px-bottom   text-center ins-icon-box-shadow ins-icon-hover-box-shadow ins-animated zoomIn' data-animation-delay=200><div class='ins-icon-box-icon margin-20px-bottom ins-top-icon-basic icon-medium'><i class='iconsmind-Smartphone-2'><\/i><\/div><div class='ins-icon-box-content'><div class='ins-icon-box-title title-font margin-15px-bottom sm-margin-5px-bottom text-medium font-weight-700 letter-spacing-1'>089\/ 54 760 860<\/div><p class='ins-icon-box-text text-small default'>Support<\/p><\/div><\/div><script type=\"text\/javascript\">\n\t\t(function(jQuery) {jQuery(\"head\").append(\"<style>#ins-icon-69f2de1c292ec .ins-icon-box-title, #ins-icon-69f2de1c292ec .ins-float-icon-box-title {color: #223645;}<\/style>\")\n\t\t\t\t\t})(jQuery);\n\t\t\t\t\t\t<\/script>[\/vc_column][vc_column width=&#8221;1\/3&#8243; css=&#8221;.vc_custom_1556183150434{border-top-width: 1px !important;border-right-width: 1px !important;border-bottom-width: 1px !important;border-left-width: 1px !important;padding-top: 50px !important;padding-bottom: 30px !important;background-color: #f7f9fb !important;border-left-color: #e5e7f2 !important;border-left-style: solid !important;border-right-color: #e5e7f2 !important;border-right-style: solid !important;border-top-color: #e5e7f2 !important;border-top-style: solid !important;border-bottom-color: #e5e7f2 !important;border-bottom-style: solid !important;}&#8221; offset=&#8221;vc_col-lg-4 vc_col-md-4&#8243;]<div id='ins-icon-69f2de1c29320' class='ins-icon-wrapper last-paragraph-no-margin margin-20px-bottom   text-center ins-icon-box-shadow ins-icon-hover-box-shadow ins-animated zoomIn' data-animation-delay=400><div class='ins-icon-box-icon margin-20px-bottom ins-top-icon-basic icon-medium'><i class='iconsmind-Location-2'><\/i><\/div><div class='ins-icon-box-content'><div class='ins-icon-box-title title-font margin-15px-bottom sm-margin-5px-bottom text-medium font-weight-700 letter-spacing-1'>Siglstr. 1, 80686 M\u00fcnchen<\/div><p class='ins-icon-box-text text-small default'>Mo. - Fr.: 9.00 - 18.00 | Besuche nur nach Terminvereinbarung.<\/p><\/div><\/div><script type=\"text\/javascript\">\n\t\t(function(jQuery) {jQuery(\"head\").append(\"<style>#ins-icon-69f2de1c29320 .ins-icon-box-title, #ins-icon-69f2de1c29320 .ins-float-icon-box-title {color: #223645;}<\/style>\")\n\t\t\t\t\t})(jQuery);\n\t\t\t\t\t\t<\/script>[\/vc_column][vc_column width=&#8221;1\/3&#8243; css=&#8221;.vc_custom_1556183160121{border-top-width: 1px !important;border-right-width: 1px !important;border-bottom-width: 1px !important;border-left-width: 1px !important;padding-top: 50px !important;padding-bottom: 30px !important;background-color: #f7f9fb !important;border-left-color: #e5e7f2 !important;border-left-style: solid !important;border-right-color: #e5e7f2 !important;border-right-style: solid !important;border-top-color: #e5e7f2 !important;border-top-style: solid !important;border-bottom-color: #e5e7f2 !important;border-bottom-style: solid !important;}&#8221; offset=&#8221;vc_col-lg-4 vc_col-md-4&#8243;]<div id='ins-icon-69f2de1c29342' class='ins-icon-wrapper last-paragraph-no-margin margin-20px-bottom   text-center ins-icon-box-shadow ins-icon-hover-box-shadow ins-animated zoomIn' data-animation-delay=600><div class='ins-icon-box-icon margin-20px-bottom ins-top-icon-basic icon-medium'><i class='iconsmind-Paper-Plane'><\/i><\/div><div class='ins-icon-box-content'><div class='ins-icon-box-title title-font margin-15px-bottom sm-margin-5px-bottom text-medium font-weight-700 letter-spacing-1'>info@cemsys.eu<\/div><p class='ins-icon-box-text text-small default'>Anfragen<\/p><\/div><\/div><script type=\"text\/javascript\">\n\t\t(function(jQuery) {jQuery(\"head\").append(\"<style>#ins-icon-69f2de1c29342 .ins-icon-box-title, #ins-icon-69f2de1c29342 .ins-float-icon-box-title {color: #223645;}<\/style>\")\n\t\t\t\t\t})(jQuery);\n\t\t\t\t\t\t<\/script>[\/vc_column][\/vc_row][vc_row][vc_column][vc_empty_space height=&#8221;80px&#8221;][\/vc_column][\/vc_row][vc_row full_width=&#8221;stretch_row_content_no_spaces&#8221;][vc_column][vc_empty_space][\/vc_column][\/vc_row]<\/p>\n<\/div>","protected":false},"excerpt":{"rendered":"<p>[vc_row full_width=&#8221;stretch_row&#8221; el_class=&#8221;z-index-1 position-relative&#8221;][vc_column enable_shadow=&#8221;true&#8221; css=&#8221;.vc_custom_1649864129379{padding-top: 20px !important;padding-right: 20px !important;padding-bottom: 20px !important;padding-left: 20px !important;background-color: #ffffff !important;background-position: center !important;background-repeat: no-repeat !important;background-size: [&hellip;]<\/p>\n","protected":false},"author":1,"featured_media":0,"parent":0,"menu_order":0,"comment_status":"closed","ping_status":"closed","template":"","meta":{"footnotes":""},"class_list":["post-759","page","type-page","status-publish","hentry"],"yoast_head":"<!-- This site is optimized with the Yoast SEO plugin v27.5 - https:\/\/yoast.com\/product\/yoast-seo-wordpress\/ -->\n<title>Kontakt - Cemsys | Professionelle IT L\u00f6sungen<\/title>\n<meta name=\"robots\" content=\"index, follow, max-snippet:-1, max-image-preview:large, max-video-preview:-1\" \/>\n<link rel=\"canonical\" href=\"https:\/\/cemsys.eu\/de\/kontakt\/\" \/>\n<meta property=\"og:locale\" content=\"de_DE\" \/>\n<meta property=\"og:type\" content=\"article\" \/>\n<meta property=\"og:title\" content=\"Kontakt - Cemsys | Professionelle IT L\u00f6sungen\" \/>\n<meta property=\"og:description\" content=\"[vc_row full_width=&#8221;stretch_row&#8221; el_class=&#8221;z-index-1 position-relative&#8221;][vc_column enable_shadow=&#8221;true&#8221; css=&#8221;.vc_custom_1649864129379{padding-top: 20px !important;padding-right: 20px !important;padding-bottom: 20px !important;padding-left: 20px !important;background-color: #ffffff !important;background-position: center !important;background-repeat: no-repeat !important;background-size: [&hellip;]\" \/>\n<meta property=\"og:url\" content=\"https:\/\/cemsys.eu\/de\/kontakt\/\" \/>\n<meta property=\"og:site_name\" content=\"Cemsys | Professionelle IT L\u00f6sungen\" \/>\n<meta property=\"article:modified_time\" content=\"2025-10-17T13:19:57+00:00\" \/>\n<meta property=\"og:image\" content=\"https:\/\/cemsys.eu\/de\/wp-content\/uploads\/2023\/01\/CloudA_512795100.jpg\" \/>\n\t<meta property=\"og:image:width\" content=\"1920\" \/>\n\t<meta property=\"og:image:height\" content=\"1184\" \/>\n\t<meta property=\"og:image:type\" content=\"image\/jpeg\" \/>\n<meta name=\"twitter:card\" content=\"summary_large_image\" \/>\n<meta name=\"twitter:label1\" content=\"Gesch\u00e4tzte Lesezeit\" \/>\n\t<meta name=\"twitter:data1\" content=\"2\u00a0Minuten\" \/>\n<script type=\"application\/ld+json\" class=\"yoast-schema-graph\">{\"@context\":\"https:\\\/\\\/schema.org\",\"@graph\":[{\"@type\":\"WebPage\",\"@id\":\"https:\\\/\\\/cemsys.eu\\\/de\\\/kontakt\\\/\",\"url\":\"https:\\\/\\\/cemsys.eu\\\/de\\\/kontakt\\\/\",\"name\":\"Kontakt - Cemsys | Professionelle IT L\u00f6sungen\",\"isPartOf\":{\"@id\":\"https:\\\/\\\/cemsys.eu\\\/de\\\/#website\"},\"datePublished\":\"2019-04-15T06:26:47+00:00\",\"dateModified\":\"2025-10-17T13:19:57+00:00\",\"breadcrumb\":{\"@id\":\"https:\\\/\\\/cemsys.eu\\\/de\\\/kontakt\\\/#breadcrumb\"},\"inLanguage\":\"de\",\"potentialAction\":[{\"@type\":\"ReadAction\",\"target\":[\"https:\\\/\\\/cemsys.eu\\\/de\\\/kontakt\\\/\"]}]},{\"@type\":\"BreadcrumbList\",\"@id\":\"https:\\\/\\\/cemsys.eu\\\/de\\\/kontakt\\\/#breadcrumb\",\"itemListElement\":[{\"@type\":\"ListItem\",\"position\":1,\"name\":\"Startseite\",\"item\":\"https:\\\/\\\/cemsys.eu\\\/de\\\/\"},{\"@type\":\"ListItem\",\"position\":2,\"name\":\"Kontakt\"}]},{\"@type\":\"WebSite\",\"@id\":\"https:\\\/\\\/cemsys.eu\\\/de\\\/#website\",\"url\":\"https:\\\/\\\/cemsys.eu\\\/de\\\/\",\"name\":\"Cemsys | Professionelle IT L\u00f6sungen\",\"description\":\"Wir bieten IT L\u00f6sungen rund um M\u00fcnchen, schnell, transparent und sicher\",\"publisher\":{\"@id\":\"https:\\\/\\\/cemsys.eu\\\/de\\\/#organization\"},\"potentialAction\":[{\"@type\":\"SearchAction\",\"target\":{\"@type\":\"EntryPoint\",\"urlTemplate\":\"https:\\\/\\\/cemsys.eu\\\/de\\\/?s={search_term_string}\"},\"query-input\":{\"@type\":\"PropertyValueSpecification\",\"valueRequired\":true,\"valueName\":\"search_term_string\"}}],\"inLanguage\":\"de\"},{\"@type\":\"Organization\",\"@id\":\"https:\\\/\\\/cemsys.eu\\\/de\\\/#organization\",\"name\":\"CEMCOM\",\"url\":\"https:\\\/\\\/cemsys.eu\\\/de\\\/\",\"logo\":{\"@type\":\"ImageObject\",\"inLanguage\":\"de\",\"@id\":\"https:\\\/\\\/cemsys.eu\\\/de\\\/#\\\/schema\\\/logo\\\/image\\\/\",\"url\":\"https:\\\/\\\/cemcom.de\\\/cem\\\/wp-content\\\/uploads\\\/2022\\\/05\\\/cemlogo.png\",\"contentUrl\":\"https:\\\/\\\/cemcom.de\\\/cem\\\/wp-content\\\/uploads\\\/2022\\\/05\\\/cemlogo.png\",\"width\":288,\"height\":219,\"caption\":\"CEMCOM\"},\"image\":{\"@id\":\"https:\\\/\\\/cemsys.eu\\\/de\\\/#\\\/schema\\\/logo\\\/image\\\/\"}}]}<\/script>\n<!-- \/ Yoast SEO plugin. -->","yoast_head_json":{"title":"Kontakt - Cemsys | Professionelle IT L\u00f6sungen","robots":{"index":"index","follow":"follow","max-snippet":"max-snippet:-1","max-image-preview":"max-image-preview:large","max-video-preview":"max-video-preview:-1"},"canonical":"https:\/\/cemsys.eu\/de\/kontakt\/","og_locale":"de_DE","og_type":"article","og_title":"Kontakt - Cemsys | Professionelle IT L\u00f6sungen","og_description":"[vc_row full_width=&#8221;stretch_row&#8221; el_class=&#8221;z-index-1 position-relative&#8221;][vc_column enable_shadow=&#8221;true&#8221; css=&#8221;.vc_custom_1649864129379{padding-top: 20px !important;padding-right: 20px !important;padding-bottom: 20px !important;padding-left: 20px !important;background-color: #ffffff !important;background-position: center !important;background-repeat: no-repeat !important;background-size: [&hellip;]","og_url":"https:\/\/cemsys.eu\/de\/kontakt\/","og_site_name":"Cemsys | Professionelle IT L\u00f6sungen","article_modified_time":"2025-10-17T13:19:57+00:00","og_image":[{"width":1920,"height":1184,"url":"https:\/\/cemsys.eu\/de\/wp-content\/uploads\/2023\/01\/CloudA_512795100.jpg","type":"image\/jpeg"}],"twitter_card":"summary_large_image","twitter_misc":{"Gesch\u00e4tzte Lesezeit":"2\u00a0Minuten"},"schema":{"@context":"https:\/\/schema.org","@graph":[{"@type":"WebPage","@id":"https:\/\/cemsys.eu\/de\/kontakt\/","url":"https:\/\/cemsys.eu\/de\/kontakt\/","name":"Kontakt - Cemsys | Professionelle IT L\u00f6sungen","isPartOf":{"@id":"https:\/\/cemsys.eu\/de\/#website"},"datePublished":"2019-04-15T06:26:47+00:00","dateModified":"2025-10-17T13:19:57+00:00","breadcrumb":{"@id":"https:\/\/cemsys.eu\/de\/kontakt\/#breadcrumb"},"inLanguage":"de","potentialAction":[{"@type":"ReadAction","target":["https:\/\/cemsys.eu\/de\/kontakt\/"]}]},{"@type":"BreadcrumbList","@id":"https:\/\/cemsys.eu\/de\/kontakt\/#breadcrumb","itemListElement":[{"@type":"ListItem","position":1,"name":"Startseite","item":"https:\/\/cemsys.eu\/de\/"},{"@type":"ListItem","position":2,"name":"Kontakt"}]},{"@type":"WebSite","@id":"https:\/\/cemsys.eu\/de\/#website","url":"https:\/\/cemsys.eu\/de\/","name":"Cemsys | Professionelle IT L\u00f6sungen","description":"Wir bieten IT L\u00f6sungen rund um M\u00fcnchen, schnell, transparent und sicher","publisher":{"@id":"https:\/\/cemsys.eu\/de\/#organization"},"potentialAction":[{"@type":"SearchAction","target":{"@type":"EntryPoint","urlTemplate":"https:\/\/cemsys.eu\/de\/?s={search_term_string}"},"query-input":{"@type":"PropertyValueSpecification","valueRequired":true,"valueName":"search_term_string"}}],"inLanguage":"de"},{"@type":"Organization","@id":"https:\/\/cemsys.eu\/de\/#organization","name":"CEMCOM","url":"https:\/\/cemsys.eu\/de\/","logo":{"@type":"ImageObject","inLanguage":"de","@id":"https:\/\/cemsys.eu\/de\/#\/schema\/logo\/image\/","url":"https:\/\/cemcom.de\/cem\/wp-content\/uploads\/2022\/05\/cemlogo.png","contentUrl":"https:\/\/cemcom.de\/cem\/wp-content\/uploads\/2022\/05\/cemlogo.png","width":288,"height":219,"caption":"CEMCOM"},"image":{"@id":"https:\/\/cemsys.eu\/de\/#\/schema\/logo\/image\/"}}]}},"_links":{"self":[{"href":"https:\/\/cemsys.eu\/de\/wp-json\/wp\/v2\/pages\/759","targetHints":{"allow":["GET"]}}],"collection":[{"href":"https:\/\/cemsys.eu\/de\/wp-json\/wp\/v2\/pages"}],"about":[{"href":"https:\/\/cemsys.eu\/de\/wp-json\/wp\/v2\/types\/page"}],"author":[{"embeddable":true,"href":"https:\/\/cemsys.eu\/de\/wp-json\/wp\/v2\/users\/1"}],"replies":[{"embeddable":true,"href":"https:\/\/cemsys.eu\/de\/wp-json\/wp\/v2\/comments?post=759"}],"version-history":[{"count":8,"href":"https:\/\/cemsys.eu\/de\/wp-json\/wp\/v2\/pages\/759\/revisions"}],"predecessor-version":[{"id":5703,"href":"https:\/\/cemsys.eu\/de\/wp-json\/wp\/v2\/pages\/759\/revisions\/5703"}],"wp:attachment":[{"href":"https:\/\/cemsys.eu\/de\/wp-json\/wp\/v2\/media?parent=759"}],"curies":[{"name":"wp","href":"https:\/\/api.w.org\/{rel}","templated":true}]}}