{"id":1082,"date":"2019-04-17T05:25:48","date_gmt":"2019-04-17T05:25:48","guid":{"rendered":"http:\/\/www.insigniawpthemes.co.in\/emerson\/?page_id=1082"},"modified":"2024-04-03T23:06:25","modified_gmt":"2024-04-03T21:06:25","slug":"managed-it","status":"publish","type":"page","link":"https:\/\/cemsys.eu\/de\/service-2\/managed-it\/","title":{"rendered":"Managed IT-Services"},"content":{"rendered":"<div class=\"wpb-content-wrapper\"><p>[vc_row css=&#8221;.vc_custom_1555564250127{margin-top: 40px !important;margin-bottom: 50px !important;}&#8221;][vc_column][vc_custom_heading text=&#8221;\u00dcbersicht&#8221; font_container=&#8221;tag:h6|text_align:left|color:%2336ab9c&#8221; use_theme_fonts=&#8221;yes&#8221; css_animation=&#8221;fadeIn&#8221; el_class=&#8221;letter-spacing-2 text-uppercase&#8221;][vc_custom_heading text=&#8221;Was sind Managed IT-Services?&#8221; font_container=&#8221;tag:h3|text_align:left&#8221; use_theme_fonts=&#8221;yes&#8221; css_animation=&#8221;fadeIn&#8221; css=&#8221;.vc_custom_1660642686443{margin-bottom: 20px !important;}&#8221;][vc_custom_heading text=&#8221;Wir optimieren und sch\u00fctzen Ihre Infrastruktur strategisch mit Proactive Monitoring.&#8221; font_container=&#8221;tag:p|font_size:17px|text_align:left|line_height:28px&#8221; use_theme_fonts=&#8221;yes&#8221; css_animation=&#8221;fadeIn&#8221;][vc_custom_heading text=&#8221;Als Ihr Managed IT-Servicepartner \u00fcbernehmen wir die komplette Betreuung Ihrer IT-Systeme. Wir bieten Ihren Mitarbeitern unbegrenzten IT-Support und gew\u00e4hrleisten durch unsere proaktive und strategische Verwaltung eine optimale Leistung Ihrer IT-Infrastruktur. All dies bieten wir Ihnen zu einem transparenten und festen Pauschalpreis an, damit Sie sich voll und ganz auf Ihr Kerngesch\u00e4ft konzentrieren k\u00f6nnen.&#8221; font_container=&#8221;tag:p|font_size:17px|text_align:left|line_height:28px&#8221; use_theme_fonts=&#8221;yes&#8221; css_animation=&#8221;fadeIn&#8221;][vc_row_inner gap=&#8221;30&#8243; css=&#8221;.vc_custom_1555496091015{margin-top: 40px !important;}&#8221;][vc_column_inner width=&#8221;1\/2&#8243;]<div id='ins-icon-6a0595d0bb16e' class='ins-float-icon-wrapper margin-20px-bottom ins-icon-box-align-left-basic   ins-animated fadeInUp' data-animation-delay=200><div class='ins-float-icon-inner position-relative'><i class='link-icon text-medium-gray icon-medium iconsmind-Yes'><\/i><\/div><div class='ins-float-icon-box-content'><div class='ins-float-icon-box-title text-extra-dark-gray margin-5px-bottom title-font font-weight-700 text-large select'>Komplettbetreuung f\u00fcr Ihre vorhandene Software und Hardware ohne Begrenzungen.<\/div><div class='last-paragraph-no-margin'><p class='ins-float-icon-box-text  default'>Software-Updates und -Wartung:<br \/>\nRegelm\u00e4\u00dfige Updates und Wartungsarbeiten f\u00fcr alle auf Ihren Systemen installierten Softwareanwendungen, um Sicherheit und Leistung zu gew\u00e4hrleisten.<\/p>\n<p>Hardware-Reparaturen und -Austausch:<br \/>\nBei Defekten oder Leistungsproblemen schnelle Reparatur oder Austausch von Hardwarekomponenten wie Festplatten, Speichermodulen oder Grafikkarten.<\/p><\/div><\/div><\/div><script type=\"text\/javascript\">\n\t\t(function(jQuery) {jQuery(\"head\").append(\"<style>#ins-icon-6a0595d0bb16e .ins-icon-box-title, #ins-icon-6a0595d0bb16e .ins-float-icon-box-title {color: #223645;}<\/style>\")\n\t\t\t\t\t})(jQuery);\n\t\t\t\t\t\t<\/script>[\/vc_column_inner][vc_column_inner width=&#8221;1\/2&#8243;]<div id='ins-icon-6a0595d0bb1a2' class='ins-float-icon-wrapper margin-20px-bottom ins-icon-box-align-left-basic   ins-animated fadeInUp' data-animation-delay=400><div class='ins-float-icon-inner position-relative'><i class='link-icon text-medium-gray icon-medium iconsmind-Yes'><\/i><\/div><div class='ins-float-icon-box-content'><div class='ins-float-icon-box-title text-extra-dark-gray margin-5px-bottom title-font font-weight-700 text-large select'>Netzwerk-\u00dcberwachung<\/div><div class='last-paragraph-no-margin'><p class='ins-float-icon-box-text  default'>Wir optimieren und \u00fcberwachen Ihr gesamtes lokales Netzwerk \u2013 von Servern, Workstations und VPN-Routern bis hin zu Switches, Firewalls und Druckern. Dabei setzen wir auf hochwertige und renommierte Software- und Hardwarehersteller, um die beste Leistung und Sicherheit zu gew\u00e4hrleisten.<\/p><\/div><\/div><\/div><script type=\"text\/javascript\">\n\t\t(function(jQuery) {jQuery(\"head\").append(\"<style>#ins-icon-6a0595d0bb1a2 .ins-icon-box-title, #ins-icon-6a0595d0bb1a2 .ins-float-icon-box-title {color: #223645;}<\/style>\")\n\t\t\t\t\t})(jQuery);\n\t\t\t\t\t\t<\/script>[\/vc_column_inner][\/vc_row_inner][vc_row_inner gap=&#8221;30&#8243;][vc_column_inner width=&#8221;1\/2&#8243;]<div id='ins-icon-6a0595d0bb1ca' class='ins-float-icon-wrapper margin-20px-bottom ins-icon-box-align-left-basic   ins-animated fadeInUp' data-animation-delay=200><div class='ins-float-icon-inner position-relative'><i class='link-icon text-medium-gray icon-medium iconsmind-Yes'><\/i><\/div><div class='ins-float-icon-box-content'><div class='ins-float-icon-box-title text-extra-dark-gray margin-5px-bottom title-font font-weight-700 text-large select'>Umfassende Datensicherungen<\/div><div class='last-paragraph-no-margin'><p class='ins-float-icon-box-text  default'>Wir bieten eine Datensicherung f\u00fcr alle Arten von Unternehmensumgebungen an \u2013 von einzelnen Workstations bis hin zu mehreren Servern und Ihrer gesamten Unternehmensinfrastruktur. Durch die Verwendung von Acronis, einem f\u00fchrenden Anbieter in der Datensicherungstechnologie, stellen wir sicher, dass Ihre Daten zuverl\u00e4ssig und effizient gesichert werden.<\/p><\/div><\/div><\/div><script type=\"text\/javascript\">\n\t\t(function(jQuery) {jQuery(\"head\").append(\"<style>#ins-icon-6a0595d0bb1ca .ins-icon-box-title, #ins-icon-6a0595d0bb1ca .ins-float-icon-box-title {color: #223645;}<\/style>\")\n\t\t\t\t\t})(jQuery);\n\t\t\t\t\t\t<\/script>[\/vc_column_inner][vc_column_inner width=&#8221;1\/2&#8243;]<div id='ins-icon-6a0595d0bb1ec' class='ins-float-icon-wrapper margin-20px-bottom ins-icon-box-align-left-basic   ins-animated fadeInUp' data-animation-delay=400><div class='ins-float-icon-inner position-relative'><i class='link-icon text-medium-gray icon-medium iconsmind-Yes'><\/i><\/div><div class='ins-float-icon-box-content'><div class='ins-float-icon-box-title text-extra-dark-gray margin-5px-bottom title-font font-weight-700 text-large select'>Erweiterte Cyber-Sicherheit<\/div><div class='last-paragraph-no-margin'><p class='ins-float-icon-box-text  default'>Unser Service bietet Ihrem Unternehmen effektiven Schutz vor fortschrittlichen Bedrohungen, ohne Ihre Ressourcen zu \u00fcberlasten. Wir nutzen dazu hochentwickelte Hardwareger\u00e4te von f\u00fchrenden Herstellern wie Cisco und Sophos, um eine optimale Sicherheit zu gew\u00e4hrleisten.<\/p><\/div><\/div><\/div><script type=\"text\/javascript\">\n\t\t(function(jQuery) {jQuery(\"head\").append(\"<style>#ins-icon-6a0595d0bb1ec .ins-icon-box-title, #ins-icon-6a0595d0bb1ec .ins-float-icon-box-title {color: #223645;}<\/style>\")\n\t\t\t\t\t})(jQuery);\n\t\t\t\t\t\t<\/script>[\/vc_column_inner][\/vc_row_inner][\/vc_column][\/vc_row][vc_row full_width=&#8221;stretch_row&#8221; bg_overlay=&#8221;dark30&#8243; bg_type=&#8221;image&#8221; parallax_style=&#8221;vcpb-default&#8221; bg_image_new=&#8221;id^5147|url^https:\/\/cemsys.eu\/de\/wp-content\/uploads\/2022\/12\/blade-servers-background.jpg|caption^null|alt^null|title^blade-servers-background|description^null&#8221; bg_image_repeat=&#8221;no-repeat&#8221; bg_img_attach=&#8221;fixed&#8221; css=&#8221;.vc_custom_1670592614006{margin-bottom: 50px !important;background-position: center !important;background-repeat: no-repeat !important;background-size: cover !important;}&#8221;][vc_column css=&#8221;.vc_custom_1555507892447{padding-top: 100px !important;padding-right: 70px !important;padding-bottom: 90px !important;padding-left: 70px !important;}&#8221;][vc_row_inner][vc_column_inner width=&#8221;1\/12&#8243;][\/vc_column_inner][vc_column_inner width=&#8221;5\/6&#8243;][vc_custom_heading text=&#8221;Wir sorgen f\u00fcr eine effiziente IT-\u00dcberwachung in Ihrem Unternehmen, um Systemausf\u00e4lle zu vermeiden und Produktivit\u00e4t zu steigern. Unsere Experten warten proaktiv Ihre IT-Infrastruktur, einschlie\u00dflich Server und Netzwerke, um Sicherheit und Aktualit\u00e4t zu gew\u00e4hrleisten.&#8221; font_container=&#8221;tag:h2|text_align:center|color:%23ffffff&#8221; use_theme_fonts=&#8221;yes&#8221; css_animation=&#8221;fadeIn&#8221; el_class=&#8221;font-weight-500&#8243;][\/vc_column_inner][vc_column_inner width=&#8221;1\/12&#8243;][\/vc_column_inner][\/vc_row_inner][\/vc_column][\/vc_row][vc_row][vc_column][vc_row_inner][vc_column_inner width=&#8221;1\/6&#8243;][\/vc_column_inner][vc_column_inner width=&#8221;2\/3&#8243;][vc_custom_heading text=&#8221;Partner&#8221; font_container=&#8221;tag:h6|text_align:center|color:%2336ab9c&#8221; use_theme_fonts=&#8221;yes&#8221; css_animation=&#8221;fadeIn&#8221; el_class=&#8221;letter-spacing-2 text-uppercase&#8221;][vc_custom_heading text=&#8221;Mehr Sicherheit mit starken Partnern&#8221; font_container=&#8221;tag:h2|text_align:center&#8221; use_theme_fonts=&#8221;yes&#8221; css_animation=&#8221;fadeIn&#8221; css=&#8221;.vc_custom_1597856226146{margin-bottom: 20px !important;}&#8221;][vc_empty_space height=&#8221;30px&#8221;][\/vc_column_inner][vc_column_inner width=&#8221;1\/6&#8243;][\/vc_column_inner][\/vc_row_inner][vc_row_inner][vc_column_inner width=&#8221;1\/4&#8243;][vc_single_image image=&#8221;2541&#8243; img_size=&#8221;500&#215;350&#8243; alignment=&#8221;center&#8221; css=&#8221;.vc_custom_1597858132237{border-top-width: 1px !important;border-right-width: 1px !important;border-bottom-width: 1px !important;border-left-width: 1px !important;border-left-color: #e5e7f2 !important;border-left-style: solid !important;border-right-color: #e5e7f2 !important;border-right-style: solid !important;border-top-color: #e5e7f2 !important;border-top-style: solid !important;border-bottom-color: #e5e7f2 !important;border-bottom-style: solid !important;}&#8221;][\/vc_column_inner][vc_column_inner width=&#8221;1\/4&#8243;][vc_single_image image=&#8221;2549&#8243; img_size=&#8221;500&#215;350&#8243; alignment=&#8221;center&#8221; css=&#8221;.vc_custom_1597858178349{border-top-width: 1px !important;border-right-width: 1px !important;border-bottom-width: 1px !important;border-left-width: 1px !important;border-left-color: #e5e7f2 !important;border-left-style: solid !important;border-right-color: #e5e7f2 !important;border-right-style: solid !important;border-top-color: #e5e7f2 !important;border-top-style: solid !important;border-bottom-color: #e5e7f2 !important;border-bottom-style: solid !important;}&#8221;][\/vc_column_inner][vc_column_inner width=&#8221;1\/4&#8243;][vc_single_image image=&#8221;2550&#8243; img_size=&#8221;500&#215;350&#8243; alignment=&#8221;center&#8221; css=&#8221;.vc_custom_1597858222775{border-top-width: 1px !important;border-right-width: 1px !important;border-bottom-width: 1px !important;border-left-width: 1px !important;border-left-color: #e5e7f2 !important;border-left-style: solid !important;border-right-color: #e5e7f2 !important;border-right-style: solid !important;border-top-color: #e5e7f2 !important;border-top-style: solid !important;border-bottom-color: #e5e7f2 !important;border-bottom-style: solid !important;}&#8221;][\/vc_column_inner][vc_column_inner width=&#8221;1\/4&#8243;][vc_single_image image=&#8221;2551&#8243; img_size=&#8221;500&#215;350&#8243; alignment=&#8221;center&#8221; css=&#8221;.vc_custom_1597858242544{border-top-width: 1px !important;border-right-width: 1px !important;border-bottom-width: 1px !important;border-left-width: 1px !important;border-left-color: #e5e7f2 !important;border-left-style: solid !important;border-right-color: #e5e7f2 !important;border-right-style: solid !important;border-top-color: #e5e7f2 !important;border-top-style: solid !important;border-bottom-color: #e5e7f2 !important;border-bottom-style: solid !important;}&#8221;][\/vc_column_inner][\/vc_row_inner][\/vc_column][\/vc_row][vc_row full_width=&#8221;stretch_row&#8221; bg_overlay=&#8221;dark20&#8243; css=&#8221;.vc_custom_1705461389909{background-image: url(https:\/\/cemsys.eu\/de\/wp-content\/uploads\/2022\/11\/server-room.jpg?id=5088) !important;background-position: center !important;background-repeat: no-repeat !important;background-size: cover !important;}&#8221;][vc_column css=&#8221;.vc_custom_1555563941039{padding-top: 120px !important;padding-bottom: 120px !important;}&#8221;][vc_row_inner][vc_column_inner width=&#8221;1\/4&#8243;][\/vc_column_inner][vc_column_inner width=&#8221;1\/2&#8243; css=&#8221;.vc_custom_1555563932115{padding-top: 50px !important;padding-right: 40px !important;padding-bottom: 20px !important;padding-left: 40px !important;background-color: #ffffff !important;}&#8221;][vc_custom_heading text=&#8221;Kontaktieren Sie uns!&#8221; font_container=&#8221;tag:h3|text_align:center&#8221; use_theme_fonts=&#8221;yes&#8221; css_animation=&#8221;fadeIn&#8221; css=&#8221;.vc_custom_1669236698974{margin-bottom: 20px !important;}&#8221; link=&#8221;url:https%3A%2F%2Fcemsys.eu%2Fde%2Fcem%2Fkontakt%2F|title:Kontakt&#8221;][vc_custom_heading text=&#8221;Nutzen Sie unsere langj\u00e4hrige Erfahrung!<br \/>\nWir sind f\u00fcr Sie da.&#8221; font_container=&#8221;tag:p|font_size:16px|text_align:center|line_height:28px&#8221; use_theme_fonts=&#8221;yes&#8221; css_animation=&#8221;fadeIn&#8221; css=&#8221;.vc_custom_1654695594322{margin-bottom: 30px !important;}&#8221;]<div id='ins-button-6a0595d0bb234' class='ins-button-wrapper text-center 30px 40px  ins-animated fadeInUp' data-animation-delay=200><a class='ins-button title-font letter-spacing-1 text-white pc-border pc-bg btn-radius-default font-weight-600 btn-medium text-uppercase ' href='https:\/\/cemsys.eu\/de\/de\/kontakt\/'  target='_self'><span>Mehr entdecken<\/span><\/a><\/div><script type=\"text\/javascript\">\n\t\t(function(jQuery) {jQuery(\"head\").append(\"<style>#ins-button-6a0595d0bb234 .ins-button:hover {background-color: #223645;}#ins-button-6a0595d0bb234 .ins-button:hover {border-color: #223645;}#ins-button-6a0595d0bb234.ins-button-wrapper {margin-top: 30px;}#ins-button-6a0595d0bb234.ins-button-wrapper {margin-bottom: 40px;}<\/style>\")\n\t\t\t\t\t})(jQuery);\n\t\t\t\t\t\t<\/script>[\/vc_column_inner][vc_column_inner width=&#8221;1\/4&#8243;][\/vc_column_inner][\/vc_row_inner][\/vc_column][\/vc_row]<\/p>\n<\/div>","protected":false},"excerpt":{"rendered":"<p>[vc_row css=&#8221;.vc_custom_1555564250127{margin-top: 40px !important;margin-bottom: 50px !important;}&#8221;][vc_column][vc_custom_heading text=&#8221;\u00dcbersicht&#8221; font_container=&#8221;tag:h6|text_align:left|color:%2336ab9c&#8221; use_theme_fonts=&#8221;yes&#8221; css_animation=&#8221;fadeIn&#8221; el_class=&#8221;letter-spacing-2 text-uppercase&#8221;][vc_custom_heading text=&#8221;Was sind Managed IT-Services?&#8221; font_container=&#8221;tag:h3|text_align:left&#8221; use_theme_fonts=&#8221;yes&#8221; css_animation=&#8221;fadeIn&#8221; css=&#8221;.vc_custom_1660642686443{margin-bottom: [&hellip;]<\/p>\n","protected":false},"author":1,"featured_media":0,"parent":875,"menu_order":0,"comment_status":"closed","ping_status":"closed","template":"","meta":{"footnotes":""},"class_list":["post-1082","page","type-page","status-publish","hentry"],"yoast_head":"<!-- This site is optimized with the Yoast SEO plugin v27.6 - https:\/\/yoast.com\/product\/yoast-seo-wordpress\/ -->\n<title>Managed IT-Services - Cemsys | Professionelle IT L\u00f6sungen<\/title>\n<meta name=\"robots\" content=\"index, follow, max-snippet:-1, max-image-preview:large, max-video-preview:-1\" \/>\n<link rel=\"canonical\" href=\"https:\/\/cemsys.eu\/de\/service-2\/managed-it\/\" \/>\n<meta property=\"og:locale\" content=\"de_DE\" \/>\n<meta property=\"og:type\" content=\"article\" \/>\n<meta property=\"og:title\" content=\"Managed IT-Services - Cemsys | Professionelle IT L\u00f6sungen\" \/>\n<meta property=\"og:description\" content=\"[vc_row css=&#8221;.vc_custom_1555564250127{margin-top: 40px !important;margin-bottom: 50px !important;}&#8221;][vc_column][vc_custom_heading text=&#8221;\u00dcbersicht&#8221; font_container=&#8221;tag:h6|text_align:left|color:%2336ab9c&#8221; use_theme_fonts=&#8221;yes&#8221; css_animation=&#8221;fadeIn&#8221; el_class=&#8221;letter-spacing-2 text-uppercase&#8221;][vc_custom_heading text=&#8221;Was sind Managed IT-Services?&#8221; font_container=&#8221;tag:h3|text_align:left&#8221; use_theme_fonts=&#8221;yes&#8221; css_animation=&#8221;fadeIn&#8221; css=&#8221;.vc_custom_1660642686443{margin-bottom: [&hellip;]\" \/>\n<meta property=\"og:url\" content=\"https:\/\/cemsys.eu\/de\/service-2\/managed-it\/\" \/>\n<meta property=\"og:site_name\" content=\"Cemsys | Professionelle IT L\u00f6sungen\" \/>\n<meta property=\"article:modified_time\" content=\"2024-04-03T21:06:25+00:00\" \/>\n<meta property=\"og:image\" content=\"https:\/\/cemsys.eu\/de\/wp-content\/uploads\/2023\/01\/CloudA_512795100.jpg\" \/>\n\t<meta property=\"og:image:width\" content=\"1920\" \/>\n\t<meta property=\"og:image:height\" content=\"1184\" \/>\n\t<meta property=\"og:image:type\" content=\"image\/jpeg\" \/>\n<meta name=\"twitter:card\" content=\"summary_large_image\" \/>\n<meta name=\"twitter:label1\" content=\"Gesch\u00e4tzte Lesezeit\" \/>\n\t<meta name=\"twitter:data1\" content=\"5\u00a0Minuten\" \/>\n<script type=\"application\/ld+json\" class=\"yoast-schema-graph\">{\"@context\":\"https:\\\/\\\/schema.org\",\"@graph\":[{\"@type\":\"WebPage\",\"@id\":\"https:\\\/\\\/cemsys.eu\\\/de\\\/service-2\\\/managed-it\\\/\",\"url\":\"https:\\\/\\\/cemsys.eu\\\/de\\\/service-2\\\/managed-it\\\/\",\"name\":\"Managed IT-Services - Cemsys | Professionelle IT L\u00f6sungen\",\"isPartOf\":{\"@id\":\"https:\\\/\\\/cemsys.eu\\\/de\\\/#website\"},\"datePublished\":\"2019-04-17T05:25:48+00:00\",\"dateModified\":\"2024-04-03T21:06:25+00:00\",\"breadcrumb\":{\"@id\":\"https:\\\/\\\/cemsys.eu\\\/de\\\/service-2\\\/managed-it\\\/#breadcrumb\"},\"inLanguage\":\"de\",\"potentialAction\":[{\"@type\":\"ReadAction\",\"target\":[\"https:\\\/\\\/cemsys.eu\\\/de\\\/service-2\\\/managed-it\\\/\"]}]},{\"@type\":\"BreadcrumbList\",\"@id\":\"https:\\\/\\\/cemsys.eu\\\/de\\\/service-2\\\/managed-it\\\/#breadcrumb\",\"itemListElement\":[{\"@type\":\"ListItem\",\"position\":1,\"name\":\"Startseite\",\"item\":\"https:\\\/\\\/cemsys.eu\\\/de\\\/\"},{\"@type\":\"ListItem\",\"position\":2,\"name\":\"Service\",\"item\":\"https:\\\/\\\/cemsys.eu\\\/de\\\/service-2\\\/\"},{\"@type\":\"ListItem\",\"position\":3,\"name\":\"Managed IT-Services\"}]},{\"@type\":\"WebSite\",\"@id\":\"https:\\\/\\\/cemsys.eu\\\/de\\\/#website\",\"url\":\"https:\\\/\\\/cemsys.eu\\\/de\\\/\",\"name\":\"Cemsys | Professionelle IT L\u00f6sungen\",\"description\":\"Wir bieten IT L\u00f6sungen rund um M\u00fcnchen, schnell, transparent und sicher\",\"publisher\":{\"@id\":\"https:\\\/\\\/cemsys.eu\\\/de\\\/#organization\"},\"potentialAction\":[{\"@type\":\"SearchAction\",\"target\":{\"@type\":\"EntryPoint\",\"urlTemplate\":\"https:\\\/\\\/cemsys.eu\\\/de\\\/?s={search_term_string}\"},\"query-input\":{\"@type\":\"PropertyValueSpecification\",\"valueRequired\":true,\"valueName\":\"search_term_string\"}}],\"inLanguage\":\"de\"},{\"@type\":\"Organization\",\"@id\":\"https:\\\/\\\/cemsys.eu\\\/de\\\/#organization\",\"name\":\"CEMCOM\",\"url\":\"https:\\\/\\\/cemsys.eu\\\/de\\\/\",\"logo\":{\"@type\":\"ImageObject\",\"inLanguage\":\"de\",\"@id\":\"https:\\\/\\\/cemsys.eu\\\/de\\\/#\\\/schema\\\/logo\\\/image\\\/\",\"url\":\"https:\\\/\\\/cemcom.de\\\/cem\\\/wp-content\\\/uploads\\\/2022\\\/05\\\/cemlogo.png\",\"contentUrl\":\"https:\\\/\\\/cemcom.de\\\/cem\\\/wp-content\\\/uploads\\\/2022\\\/05\\\/cemlogo.png\",\"width\":288,\"height\":219,\"caption\":\"CEMCOM\"},\"image\":{\"@id\":\"https:\\\/\\\/cemsys.eu\\\/de\\\/#\\\/schema\\\/logo\\\/image\\\/\"}}]}<\/script>\n<!-- \/ Yoast SEO plugin. -->","yoast_head_json":{"title":"Managed IT-Services - Cemsys | Professionelle IT L\u00f6sungen","robots":{"index":"index","follow":"follow","max-snippet":"max-snippet:-1","max-image-preview":"max-image-preview:large","max-video-preview":"max-video-preview:-1"},"canonical":"https:\/\/cemsys.eu\/de\/service-2\/managed-it\/","og_locale":"de_DE","og_type":"article","og_title":"Managed IT-Services - Cemsys | Professionelle IT L\u00f6sungen","og_description":"[vc_row css=&#8221;.vc_custom_1555564250127{margin-top: 40px !important;margin-bottom: 50px !important;}&#8221;][vc_column][vc_custom_heading text=&#8221;\u00dcbersicht&#8221; font_container=&#8221;tag:h6|text_align:left|color:%2336ab9c&#8221; use_theme_fonts=&#8221;yes&#8221; css_animation=&#8221;fadeIn&#8221; el_class=&#8221;letter-spacing-2 text-uppercase&#8221;][vc_custom_heading text=&#8221;Was sind Managed IT-Services?&#8221; font_container=&#8221;tag:h3|text_align:left&#8221; use_theme_fonts=&#8221;yes&#8221; css_animation=&#8221;fadeIn&#8221; css=&#8221;.vc_custom_1660642686443{margin-bottom: [&hellip;]","og_url":"https:\/\/cemsys.eu\/de\/service-2\/managed-it\/","og_site_name":"Cemsys | Professionelle IT L\u00f6sungen","article_modified_time":"2024-04-03T21:06:25+00:00","og_image":[{"width":1920,"height":1184,"url":"https:\/\/cemsys.eu\/de\/wp-content\/uploads\/2023\/01\/CloudA_512795100.jpg","type":"image\/jpeg"}],"twitter_card":"summary_large_image","twitter_misc":{"Gesch\u00e4tzte Lesezeit":"5\u00a0Minuten"},"schema":{"@context":"https:\/\/schema.org","@graph":[{"@type":"WebPage","@id":"https:\/\/cemsys.eu\/de\/service-2\/managed-it\/","url":"https:\/\/cemsys.eu\/de\/service-2\/managed-it\/","name":"Managed IT-Services - Cemsys | Professionelle IT L\u00f6sungen","isPartOf":{"@id":"https:\/\/cemsys.eu\/de\/#website"},"datePublished":"2019-04-17T05:25:48+00:00","dateModified":"2024-04-03T21:06:25+00:00","breadcrumb":{"@id":"https:\/\/cemsys.eu\/de\/service-2\/managed-it\/#breadcrumb"},"inLanguage":"de","potentialAction":[{"@type":"ReadAction","target":["https:\/\/cemsys.eu\/de\/service-2\/managed-it\/"]}]},{"@type":"BreadcrumbList","@id":"https:\/\/cemsys.eu\/de\/service-2\/managed-it\/#breadcrumb","itemListElement":[{"@type":"ListItem","position":1,"name":"Startseite","item":"https:\/\/cemsys.eu\/de\/"},{"@type":"ListItem","position":2,"name":"Service","item":"https:\/\/cemsys.eu\/de\/service-2\/"},{"@type":"ListItem","position":3,"name":"Managed IT-Services"}]},{"@type":"WebSite","@id":"https:\/\/cemsys.eu\/de\/#website","url":"https:\/\/cemsys.eu\/de\/","name":"Cemsys | Professionelle IT L\u00f6sungen","description":"Wir bieten IT L\u00f6sungen rund um M\u00fcnchen, schnell, transparent und sicher","publisher":{"@id":"https:\/\/cemsys.eu\/de\/#organization"},"potentialAction":[{"@type":"SearchAction","target":{"@type":"EntryPoint","urlTemplate":"https:\/\/cemsys.eu\/de\/?s={search_term_string}"},"query-input":{"@type":"PropertyValueSpecification","valueRequired":true,"valueName":"search_term_string"}}],"inLanguage":"de"},{"@type":"Organization","@id":"https:\/\/cemsys.eu\/de\/#organization","name":"CEMCOM","url":"https:\/\/cemsys.eu\/de\/","logo":{"@type":"ImageObject","inLanguage":"de","@id":"https:\/\/cemsys.eu\/de\/#\/schema\/logo\/image\/","url":"https:\/\/cemcom.de\/cem\/wp-content\/uploads\/2022\/05\/cemlogo.png","contentUrl":"https:\/\/cemcom.de\/cem\/wp-content\/uploads\/2022\/05\/cemlogo.png","width":288,"height":219,"caption":"CEMCOM"},"image":{"@id":"https:\/\/cemsys.eu\/de\/#\/schema\/logo\/image\/"}}]}},"_links":{"self":[{"href":"https:\/\/cemsys.eu\/de\/wp-json\/wp\/v2\/pages\/1082","targetHints":{"allow":["GET"]}}],"collection":[{"href":"https:\/\/cemsys.eu\/de\/wp-json\/wp\/v2\/pages"}],"about":[{"href":"https:\/\/cemsys.eu\/de\/wp-json\/wp\/v2\/types\/page"}],"author":[{"embeddable":true,"href":"https:\/\/cemsys.eu\/de\/wp-json\/wp\/v2\/users\/1"}],"replies":[{"embeddable":true,"href":"https:\/\/cemsys.eu\/de\/wp-json\/wp\/v2\/comments?post=1082"}],"version-history":[{"count":0,"href":"https:\/\/cemsys.eu\/de\/wp-json\/wp\/v2\/pages\/1082\/revisions"}],"up":[{"embeddable":true,"href":"https:\/\/cemsys.eu\/de\/wp-json\/wp\/v2\/pages\/875"}],"wp:attachment":[{"href":"https:\/\/cemsys.eu\/de\/wp-json\/wp\/v2\/media?parent=1082"}],"curies":[{"name":"wp","href":"https:\/\/api.w.org\/{rel}","templated":true}]}}